{"id":23,"date":"2016-04-01T09:45:49","date_gmt":"2016-04-01T07:45:49","guid":{"rendered":"http:\/\/rajaschwahnreichmann.at\/en\/?page_id=23"},"modified":"2025-10-06T15:32:46","modified_gmt":"2025-10-06T13:32:46","slug":"works","status":"publish","type":"page","link":"http:\/\/rajaschwahnreichmann.at\/en\/works\/","title":{"rendered":"Works"},"content":{"rendered":"<h2>Arrangement of festivities (excerpt)<\/h2>\n<h4><a href=\"https:\/\/www.schlosshof.at\/en\/\" target=\"_blank\" rel=\"noopener noreferrer\">Schloss Hof<\/a><\/h4>\n<ul>\n<li>Baroque feast (2007)<\/li>\n<\/ul>\n<h4><a href=\"https:\/\/lifeplus.org\/en\/\" target=\"_blank\" rel=\"noopener noreferrer\">Life Ball<\/a><\/h4>\n<ul>\n<li>Costumes and paintings (since 1998)<\/li>\n<li>Contribution to <a title=\"Style Bible 2014\" href=\"https:\/\/lifeplus.org\/en\/style-bible-eng\/\" target=\"_blank\" rel=\"noopener noreferrer\">Style Bible<\/a> and overall layout (2014)<\/li>\n<\/ul>\n<h2>Paintings (Examples)<\/h2>\n<h4>Portraits<\/h4>\n<ul>\n<li>Aancestral portrait gallery Burgtheater, Vienna<\/li>\n<\/ul>\n<h4>Paintings for inns<\/h4>\n<ul>\n<li>Schlossquadrat, Vienna (2013)<\/li>\n<\/ul>\n<h2>Works for theater and opera<\/h2>\n<h4><a href=\"http:\/\/www.wienerlustspielhaus.at\/\" target=\"_blank\" rel=\"noopener noreferrer\">Wiener Lustspielhaus<\/a><\/h4>\n<ul>\n<li>Overall design of the theatre (2003)<\/li>\n<li><a title=\"Plakate 10 Jahre Wiener Lustspielhaus \" href=\"http:\/\/www.wienerlustspielhaus.at\/presse\/galerie-downloads#g10\" target=\"_blank\" rel=\"noopener noreferrer\">Poster design<\/a> (ongoing)<\/li>\n<\/ul>\n<p>Painting<\/p>\n<ul>\n<li>Cosi Fan Tutte(2007)<\/li>\n<li>Twelfth Night, or What You Will (2005)<\/li>\n<li>A Viennese Summernightsdream (2004)<\/li>\n<\/ul>\n<h4><a href=\"https:\/\/www.donauauen.at\/?language=english\" target=\"_blank\" rel=\"noopener noreferrer\">Au-Theatre Schloss Orth<\/a><\/h4>\n<p>Painting<\/p>\n<ul>\n<li>Moveable Au-Theatre (2014)<\/li>\n<li>Au-Theatre<\/li>\n<\/ul>\n<h4><a title=\"Schloss Damtschach\" href=\"http:\/\/damtschach.at\/\" target=\"_blank\" rel=\"noopener noreferrer\">Damtschach castle<\/a><\/h4>\n<p>Paintings, setting, arrangement of festivities<\/p>\n<ul>\n<li><a href=\"http:\/\/www.damtschach.at\/2011\/theater\/fledermaus.html\" target=\"_blank\" rel=\"noopener noreferrer\">Fledermaus returns!<\/a> (2011)<\/li>\n<li><a href=\"http:\/\/www.damtschach.at\/2007\/franklenstein\/sussex.html\" target=\"_blank\" rel=\"noopener noreferrer\">Frankenstein in Sussex<\/a> (2007)<\/li>\n<li><a href=\"http:\/\/www.damtschach.at\/2009\/theater\/artmann_cafe.html\" target=\"_blank\" rel=\"noopener noreferrer\">Erlaubent, Schas, sehr hei\u00df bitte<\/a> (2009)<\/li>\n<li><a href=\"http:\/\/www.damtschach.at\/2005\/oper\/dafne_oper.html\" target=\"_blank\" rel=\"noopener noreferrer\">Opera Dafne<\/a> (2005)<\/li>\n<li><a href=\"http:\/\/www.damtschach.at\/2003\/oper.html\" target=\"_blank\" rel=\"noopener noreferrer\">Opera Le Cinesi<\/a> (2003)<\/li>\n<li><a href=\"http:\/\/www.damtschach.at\/2004\/toek\/index.html\" target=\"_blank\" rel=\"noopener noreferrer\">Tok ph\u00b4rong s\u00fcleng<\/a> (2002)<\/li>\n<li><a href=\"http:\/\/www.damtschach.at\/mandragola\/index.html\" target=\"_blank\" rel=\"noopener noreferrer\">Mandragola<\/a> (2001)<\/li>\n<\/ul>\n<h4><a href=\"http:\/\/dastag.at\" target=\"_blank\" rel=\"noopener noreferrer\">Das TAG<\/a><\/h4>\n<p>Paintings, setting<\/p>\n<ul>\n<li><a href=\"http:\/\/www.dastag.at\/produktionen\/fledermausreturns\/\" target=\"_blank\" rel=\"noopener noreferrer\">Fledermaus returns!<\/a> (2012)<\/li>\n<li><a href=\"http:\/\/www.dastag.at\/produktionen\/cafeparadies\/\" target=\"_blank\" rel=\"noopener noreferrer\">Caf\u00e9 Paradies &#8211; Eine Caf\u00e9hausoperette mit Schlag<\/a> (2010)<\/li>\n<\/ul>\n<h4><a href=\"https:\/\/www.hamakom.at\/\" target=\"_blank\" rel=\"noopener noreferrer\">Hamakom<\/a><\/h4>\n<p>Paintings<\/p>\n<ul>\n<li><a href=\"https:\/\/www.hamakom.at\/zeck\" target=\"_blank\" rel=\"noopener noreferrer\">Zeck<\/a> (2019)<\/li>\n<\/ul>\n<h4><a href=\"http:\/\/www.festspielhaus.at\/\" target=\"_blank\" rel=\"noopener noreferrer\">Festspielhaus St.P\u00f6lten<\/a><\/h4>\n<p>Paintings, setting<\/p>\n<ul>\n<li>Il Nascimento dell&#8217;Aurora, Clemencic Consort (2008)<\/li>\n<\/ul>\n<h4><a href=\"http:\/\/www.sirene.at\/raja_schwahn-reichmann\" target=\"_blank\" rel=\"noopener noreferrer\">Sirene Opera Theatre<\/a><\/h4>\n<ul>\n<li><a class=\"active_menu\" title=\"2014 Theater in der Au\" href=\"https:\/\/www.sirene.at\/archiv\/2014-2015-der-lange-atem\/theater-in-der-au\/\">Theatre in the Wetlands<\/a> (2014)<\/li>\n<li><a href=\"http:\/\/www.sirene.at\/2009_nachts~\" target=\"_blank\" rel=\"noopener noreferrer\">At Night<\/a> &#8211; Exhibition &#8220;<a href=\"http:\/\/www.sirene.at\/3_-_inspiranzien&amp;no_cache=1&amp;sword_list%5B%5D=reichmann\" target=\"_blank\" rel=\"noopener noreferrer\">Inspiranzien, from the collection of Raja Schwahn-Reichmann<\/a>&#8221; (2009)<\/li>\n<\/ul>\n<h2>Exhibition Designs<\/h2>\n<h4><a title=\"Frauenmuseum Hittisau\" href=\"http:\/\/www.frauenmuseum.at\/\" target=\"_blank\" rel=\"noopener noreferrer\">Frauenmuseum Hittisau<\/a><\/h4>\n<ul>\n<li><a title=\"Die tollk\u00fchnen Frauen\" href=\"http:\/\/www.frauenmuseum.at\/index.php?cat=5&amp;page=8&amp;calendar_id=68&amp;limit=1&amp;widgets_id=10#calendar\" target=\"_blank\" rel=\"noopener noreferrer\">Die tollk\u00fchnen Frauen.<\/a> Artistic design (2012)<\/li>\n<\/ul>\n<h4><a title=\"zoom\" href=\"http:\/\/www.kindermuseum.at\" target=\"_blank\" rel=\"noopener noreferrer\">Zoom Children&#8217;s Museum<\/a><\/h4>\n<ul>\n<li><a title=\" AUSSTELLUNGEN Mediale Lebens[t]r\u00e4ume - Droht uns eine digitale Heimat? Gustav Mahler - Produktive Dekadenz in Wien um 1900 Schwarz|Rot|Gold. Die deutschen Farben aus Jena Man wird doch wohl noch tr\u00e4umen d\u00fcrfen! Beschw\u00f6rung nationaler Identit\u00e4t: Das Bernhardzimmer. Neugotik im Herzen des Klassizismus Haydn Explosiv. Eine europ\u00e4ische Karriere am F\u00fcrstenhof ich, boy, 19, suche Wozu braucht Carl August einen Goethe? F\u00fcrstliche Sehnsucht nach Individualismus Wolfgang Amad\u00e9. Ein ganz normales Wunderkind Lorenzo Da Ponte. Aufbruch in die Neue Welt Mozart. Experiment Aufkl\u00e4rung im Wien des ausgehenden 18. Jahrhunderts Lorenzo Da Ponte in New York Salieri sulle tracce di Mozart Mozarts Da Ponte Opern. Lorenzo Da Ponte in Wien STAGING KNOWLEDGE PROJEKT FWF\/PEEK BERICHTE FWF\/PEEK AUSSTELLUNGEN FWF\/PEEK schweben &amp; st\u00fcrzen Mini-Ausstellung &quot;SEHEN IM TRAUM&quot; Mediale Lebens[t]r\u00e4ume - Droht uns eine digitale Heimat? Gustav Mahler - Produktive Dekadenz in Wien um 1900 Mini-Ausstellung &quot;PHANTASIE UND PHARMAZIE&quot; Ausstellung \u201eDie Da Ponte-Opern Mozarts\u201c PUBLIKATION KOOPERATIONEN OPERNFORSCHUNG Institutionsgeschichte Librettologie Interpretationsgeschichte S\u00e4nger- &amp; Gesangsforschung Publikationen zur Opernforschung AKTUELL DA PONTE RESEARCH Team &amp; Beirat Publikationen Press Review und Danksagung Wolfgang Amad\u00e9 \u2013 ein ganz normales Wunderkind \" href=\"http:\/\/www.daponte.at\/index.php?id=19\" target=\"_blank\" rel=\"noopener noreferrer\">Wolfgang Amad\u00e9 \u2013 an Ordinary Wunderkind<\/a>. Canopy bed (2006)<\/li>\n<\/ul>\n<h4><a href=\"http:\/\/www.kriminalmuseum.at\/krimwien.html\" target=\"_blank\" rel=\"noopener noreferrer\">Crime Museum Vienna<\/a><\/h4>\n<ul>\n<li>Paintings for interior design of the exhibition(1990)<\/li>\n<\/ul>\n<h2>Living Pictures (Tableaux vivants)<\/h2>\n<h4>Augarten Vienna<\/h4>\n<ul>\n<li>Feast for filming of &#8220;On the Baroquades&#8221; (2011)<\/li>\n<li>Tableau vivant at the occupied Augartenspitz (2008)<\/li>\n<\/ul>\n<h4>Baroque Museum Salzburg<\/h4>\n<ul>\n<li>Night of Painting, Mirabellgarten (2002)<\/li>\n<\/ul>\n","protected":false},"excerpt":{"rendered":"<p>Arrangement of festivities (excerpt) Schloss Hof Baroque feast (2007) Life Ball Costumes and paintings (since 1998) Contribution to Style Bible and overall layout (2014) Paintings (Examples) Portraits Aancestral portrait gallery Burgtheater, Vienna Paintings for inns Schlossquadrat, Vienna (2013) Works for theater and opera Wiener Lustspielhaus Overall design of the theatre (2003) Poster design (ongoing) Painting &hellip; <a href=\"http:\/\/rajaschwahnreichmann.at\/en\/works\/\" class=\"more-link\">Continue reading<span class=\"screen-reader-text\"> &#8220;Works&#8221;<\/span><\/a><\/p>\n","protected":false},"author":1,"featured_media":0,"parent":0,"menu_order":0,"comment_status":"closed","ping_status":"closed","template":"","meta":{"footnotes":""},"class_list":["post-23","page","type-page","status-publish","hentry"],"_links":{"self":[{"href":"http:\/\/rajaschwahnreichmann.at\/en\/wp-json\/wp\/v2\/pages\/23","targetHints":{"allow":["GET"]}}],"collection":[{"href":"http:\/\/rajaschwahnreichmann.at\/en\/wp-json\/wp\/v2\/pages"}],"about":[{"href":"http:\/\/rajaschwahnreichmann.at\/en\/wp-json\/wp\/v2\/types\/page"}],"author":[{"embeddable":true,"href":"http:\/\/rajaschwahnreichmann.at\/en\/wp-json\/wp\/v2\/users\/1"}],"replies":[{"embeddable":true,"href":"http:\/\/rajaschwahnreichmann.at\/en\/wp-json\/wp\/v2\/comments?post=23"}],"version-history":[{"count":4,"href":"http:\/\/rajaschwahnreichmann.at\/en\/wp-json\/wp\/v2\/pages\/23\/revisions"}],"predecessor-version":[{"id":570,"href":"http:\/\/rajaschwahnreichmann.at\/en\/wp-json\/wp\/v2\/pages\/23\/revisions\/570"}],"wp:attachment":[{"href":"http:\/\/rajaschwahnreichmann.at\/en\/wp-json\/wp\/v2\/media?parent=23"}],"curies":[{"name":"wp","href":"https:\/\/api.w.org\/{rel}","templated":true}]}}